{"id":948,"date":"2026-03-05T03:17:38","date_gmt":"2026-03-05T03:17:38","guid":{"rendered":"https:\/\/www.ricardocontreras.net\/?page_id=948"},"modified":"2026-03-06T02:06:08","modified_gmt":"2026-03-06T02:06:08","slug":"mas-sobre-mi","status":"publish","type":"page","link":"https:\/\/www.ricardocontreras.net\/index.php\/es\/mas-sobre-mi\/","title":{"rendered":"M\u00e1s sobre mi"},"content":{"rendered":"\n<p>Trabajo en la intersecci\u00f3n entre el desarrollo visual, el dise\u00f1o de producci\u00f3n y la visualizaci\u00f3n t\u00e9cnica, ayudando a los proyectos a definir su lenguaje visual y a traducir ideas en mundos coherentes y realizables para producci\u00f3n.<\/p>\n\n\n\n<p>Durante los \u00faltimos a\u00f1os he colaborado en m\u00e1s de cien proyectos entre cine, televisi\u00f3n, comerciales y otros formatos de narrativa visual. Mi trabajo suele situarse entre disciplinas, conectando la intenci\u00f3n creativa con la ejecuci\u00f3n pr\u00e1ctica a trav\u00e9s del desarrollo conceptual, la visualizaci\u00f3n y la direcci\u00f3n de dise\u00f1o.<\/p>\n\n\n\n<p>M\u00e1s que concentrarme en un \u00fanico rol, mi pr\u00e1ctica se mueve a trav\u00e9s de distintas etapas del proceso: desde la exploraci\u00f3n visual temprana y la planificaci\u00f3n narrativa hasta la coordinaci\u00f3n de flujos de visualizaci\u00f3n y la traducci\u00f3n de ideas de dise\u00f1o en entornos construibles.<\/p>\n\n\n\n<p>Entiendo el desarrollo visual no solo como ilustraci\u00f3n, sino como una herramienta de pensamiento para el cine. Im\u00e1genes, modelos y visualizaciones ayudan a directores, dise\u00f1adores y productores a comprender la l\u00f3gica espacial, el ritmo narrativo y las implicaciones pr\u00e1cticas de las decisiones creativas. Por ello, mi trabajo suele implicar guiar procesos adem\u00e1s de producir im\u00e1genes: definir la intenci\u00f3n visual, estructurar flujos de visualizaci\u00f3n y mantener coherencia entre el dise\u00f1o conceptual, el dise\u00f1o de producci\u00f3n y su implementaci\u00f3n t\u00e9cnica.<\/p>\n\n\n\n<p>Paralelamente a mi pr\u00e1ctica independiente, dirijo y colaboro con <strong>VAD Studio<\/strong>, donde estos procesos se ampl\u00edan a un flujo de trabajo de estudio que involucra a m\u00faltiples artistas y especialistas t\u00e9cnicos. Puedes conocer m\u00e1s en <strong><a href=\"http:\/\/www.vadvisuals.com\" target=\"_blank\" rel=\"noreferrer noopener\">www.vadvisuals.com<\/a><\/strong>.<\/p>\n\n\n\n<p>Mi experiencia incluye colaboraci\u00f3n con dise\u00f1adores de producci\u00f3n, directores, directores de fotograf\u00eda, equipos de VFX y departamentos de construcci\u00f3n, con frecuencia en entornos donde el dise\u00f1o digital, la visualizaci\u00f3n en tiempo real y la producci\u00f3n f\u00edsica se intersectan.<\/p>\n\n\n\n<p>Puedes consultar mi perfil en <strong>IMDB<\/strong> <a href=\"https:\/\/www.imdb.com\/es\/name\/nm3014705\/?ref_=nmmi_ov_bk\" target=\"_blank\" rel=\"noreferrer noopener\">aqu\u00ed.<\/a><\/p>\n\n\n\n<p>Me interesan especialmente los proyectos donde el pensamiento visual juega un papel central en la construcci\u00f3n de mundos narrativos y donde la direcci\u00f3n creativa y los procesos t\u00e9cnicos evolucionan de manera conjunta.<\/p>\n\n\n\n<p>Si deseas ver ejemplos m\u00e1s espec\u00edficos de mi trabajo, no dudes en contactarme.<\/p>\n\n\n\n<p>Fuera del trabajo de producci\u00f3n, contin\u00fao explorando la pintura y la escultura tradicionales como una forma de mantener una relaci\u00f3n directa con el material, la forma y la intuici\u00f3n visual.<\/p>\n\n\n\n<p>Gracias por tu visita.<\/p>\n\n\n\n<p><\/p>\n","protected":false},"excerpt":{"rendered":"<p>Trabajo en la intersecci\u00f3n entre el desarrollo visual, el dise\u00f1o de producci\u00f3n y la visualizaci\u00f3n t\u00e9cnica, ayudando a los proyectos a definir su lenguaje visual y a traducir ideas en mundos coherentes y realizables para producci\u00f3n. Durante los \u00faltimos a\u00f1os he colaborado en m\u00e1s de cien proyectos entre cine, televisi\u00f3n, comerciales y otros formatos de [&hellip;]<\/p>\n","protected":false},"author":1,"featured_media":0,"parent":0,"menu_order":0,"comment_status":"closed","ping_status":"closed","template":"","meta":{"footnotes":""},"class_list":["post-948","page","type-page","status-publish","hentry"],"blocksy_meta":{"disable_header":"yes","disable_footer":"yes","styles_descriptor":{"styles":{"desktop":"","tablet":"","mobile":""},"google_fonts":[],"version":6}},"_links":{"self":[{"href":"https:\/\/www.ricardocontreras.net\/index.php\/wp-json\/wp\/v2\/pages\/948","targetHints":{"allow":["GET"]}}],"collection":[{"href":"https:\/\/www.ricardocontreras.net\/index.php\/wp-json\/wp\/v2\/pages"}],"about":[{"href":"https:\/\/www.ricardocontreras.net\/index.php\/wp-json\/wp\/v2\/types\/page"}],"author":[{"embeddable":true,"href":"https:\/\/www.ricardocontreras.net\/index.php\/wp-json\/wp\/v2\/users\/1"}],"replies":[{"embeddable":true,"href":"https:\/\/www.ricardocontreras.net\/index.php\/wp-json\/wp\/v2\/comments?post=948"}],"version-history":[{"count":4,"href":"https:\/\/www.ricardocontreras.net\/index.php\/wp-json\/wp\/v2\/pages\/948\/revisions"}],"predecessor-version":[{"id":999,"href":"https:\/\/www.ricardocontreras.net\/index.php\/wp-json\/wp\/v2\/pages\/948\/revisions\/999"}],"wp:attachment":[{"href":"https:\/\/www.ricardocontreras.net\/index.php\/wp-json\/wp\/v2\/media?parent=948"}],"curies":[{"name":"wp","href":"https:\/\/api.w.org\/{rel}","templated":true}]}}